{"id":2892,"date":"2016-10-04T12:16:48","date_gmt":"2016-10-04T10:16:48","guid":{"rendered":"https:\/\/plymair.com\/ueber-uns\/"},"modified":"2025-09-22T18:27:21","modified_gmt":"2025-09-22T16:27:21","slug":"ueber-uns","status":"publish","type":"page","link":"https:\/\/plymair.com\/de\/ueber-uns\/","title":{"rendered":"\u00dcber uns"},"content":{"rendered":"<p id=\"u1609-2\">Plymair ist ein schwedischer Anbieter von Systemen zur Luftreinigung. Seit vielen Jahren entwickelt und verbessert Plymair die Air Care Technology. Der Hauptsitz, die Forschungs- und Entwicklungsabteilung sowie die Fertigung befinden sich in Schweden.<\/p>\n<p id=\"u1609-8\">Das hohe Umweltbewusstsein in Skandinavien war die treibende Kraft f\u00fcr die Entwicklung hocheffizienter Luftreinigungsprodukte f\u00fcr Krankenh\u00e4user, Zahnarztpraxen, Schulen und B\u00fcros.<\/p>\n<p id=\"u1609-11\">Heute ist allgemein bekannt, dass ein gutes Arbeitsumfeld ges\u00fcndere Mitarbeiter, h\u00f6here Effizienz und weniger krankheitsbedingte Ausf\u00e4lle bedeutet. Ein gutes Arbeitsumfeld ist ein attraktiver Arbeitsplatz.<\/p>\n<h2>Fabrik<\/h2>\n<p><span class=\"s1\">Die Produktionsst\u00e4tte ist \u00fcber 12.000 m\u00b2 gro\u00df und mit modernen und effizienten Trumpf-Laserschneidmaschinen, Weinbrenner-Abkantpressen, Schwei\u00dfabteilungen mit Manipulatoren, einer vollautomatischen Pulverbeschichtungsanlage mit Robotern (900 m\u00b2) und gut ausgestatteten Montageabteilungen ausgestattet. Die qualifizierten Mitarbeiter von Plymair stellen hochwertige Produkte und Pr\u00e4zisionstechnik zu wettbewerbsf\u00e4higen Preisen her.<\/span><\/p>\n","protected":false},"excerpt":{"rendered":"<p>Plymair ist ein schwedischer Anbieter von Systemen zur Luftreinigung. Seit vielen Jahren entwickelt und verbessert Plymair die Air Care Technology. Der Hauptsitz, die Forschungs- und Entwicklungsabteilung sowie die Fertigung befinden sich in Schweden. Das hohe Umweltbewusstsein in Skandinavien war die treibende Kraft f\u00fcr die Entwicklung hocheffizienter Luftreinigungsprodukte f\u00fcr Krankenh\u00e4user, Zahnarztpraxen, Schulen und B\u00fcros. Heute ist [&hellip;]<\/p>\n","protected":false},"author":3,"featured_media":0,"parent":0,"menu_order":0,"comment_status":"closed","ping_status":"closed","template":"","meta":{"footnotes":""},"class_list":["post-2892","page","type-page","status-publish","hentry"],"acf":[],"yoast_head":"<!-- This site is optimized with the Yoast SEO plugin v25.9 - https:\/\/yoast.com\/wordpress\/plugins\/seo\/ -->\n<title>\u00dcber uns - Plymair<\/title>\n<meta name=\"robots\" content=\"index, follow, max-snippet:-1, max-image-preview:large, max-video-preview:-1\" \/>\n<link rel=\"canonical\" href=\"https:\/\/plymair.com\/de\/ueber-uns\/\" \/>\n<meta property=\"og:locale\" content=\"de_DE\" \/>\n<meta property=\"og:type\" content=\"article\" \/>\n<meta property=\"og:title\" content=\"\u00dcber uns - Plymair\" \/>\n<meta property=\"og:description\" content=\"Plymair ist ein schwedischer Anbieter von Systemen zur Luftreinigung. Seit vielen Jahren entwickelt und verbessert Plymair die Air Care Technology. Der Hauptsitz, die Forschungs- und Entwicklungsabteilung sowie die Fertigung befinden sich in Schweden. Das hohe Umweltbewusstsein in Skandinavien war die treibende Kraft f\u00fcr die Entwicklung hocheffizienter Luftreinigungsprodukte f\u00fcr Krankenh\u00e4user, Zahnarztpraxen, Schulen und B\u00fcros. Heute ist [&hellip;]\" \/>\n<meta property=\"og:url\" content=\"https:\/\/plymair.com\/de\/ueber-uns\/\" \/>\n<meta property=\"og:site_name\" content=\"Plymair\" \/>\n<meta property=\"article:publisher\" content=\"https:\/\/www.facebook.com\/jplymoth\" \/>\n<meta property=\"article:modified_time\" content=\"2025-09-22T16:27:21+00:00\" \/>\n<meta name=\"twitter:card\" content=\"summary_large_image\" \/>\n<meta name=\"twitter:label1\" content=\"Gesch\u00e4tzte Lesezeit\" \/>\n\t<meta name=\"twitter:data1\" content=\"1\u00a0Minute\" \/>\n<script type=\"application\/ld+json\" class=\"yoast-schema-graph\">{\"@context\":\"https:\/\/schema.org\",\"@graph\":[{\"@type\":\"WebPage\",\"@id\":\"https:\/\/plymair.com\/de\/ueber-uns\/\",\"url\":\"https:\/\/plymair.com\/de\/ueber-uns\/\",\"name\":\"\u00dcber uns - Plymair\",\"isPartOf\":{\"@id\":\"https:\/\/plymair.com\/de\/#website\"},\"datePublished\":\"2016-10-04T10:16:48+00:00\",\"dateModified\":\"2025-09-22T16:27:21+00:00\",\"breadcrumb\":{\"@id\":\"https:\/\/plymair.com\/de\/ueber-uns\/#breadcrumb\"},\"inLanguage\":\"de\",\"potentialAction\":[{\"@type\":\"ReadAction\",\"target\":[\"https:\/\/plymair.com\/de\/ueber-uns\/\"]}]},{\"@type\":\"BreadcrumbList\",\"@id\":\"https:\/\/plymair.com\/de\/ueber-uns\/#breadcrumb\",\"itemListElement\":[{\"@type\":\"ListItem\",\"position\":1,\"name\":\"Home\",\"item\":\"https:\/\/plymair.com\/de\/\"},{\"@type\":\"ListItem\",\"position\":2,\"name\":\"\u00dcber uns\"}]},{\"@type\":\"WebSite\",\"@id\":\"https:\/\/plymair.com\/de\/#website\",\"url\":\"https:\/\/plymair.com\/de\/\",\"name\":\"Plymair\",\"description\":\"Professional Air Purifiers\",\"publisher\":{\"@id\":\"https:\/\/plymair.com\/de\/#organization\"},\"potentialAction\":[{\"@type\":\"SearchAction\",\"target\":{\"@type\":\"EntryPoint\",\"urlTemplate\":\"https:\/\/plymair.com\/de\/?s={search_term_string}\"},\"query-input\":{\"@type\":\"PropertyValueSpecification\",\"valueRequired\":true,\"valueName\":\"search_term_string\"}}],\"inLanguage\":\"de\"},{\"@type\":\"Organization\",\"@id\":\"https:\/\/plymair.com\/de\/#organization\",\"name\":\"Plymair\",\"url\":\"https:\/\/plymair.com\/de\/\",\"logo\":{\"@type\":\"ImageObject\",\"inLanguage\":\"de\",\"@id\":\"https:\/\/plymair.com\/de\/#\/schema\/logo\/image\/\",\"url\":\"https:\/\/plymair.com\/wp-content\/uploads\/2022\/09\/plymoth_original_CMYK.png\",\"contentUrl\":\"https:\/\/plymair.com\/wp-content\/uploads\/2022\/09\/plymoth_original_CMYK.png\",\"width\":933,\"height\":195,\"caption\":\"Plymair\"},\"image\":{\"@id\":\"https:\/\/plymair.com\/de\/#\/schema\/logo\/image\/\"},\"sameAs\":[\"https:\/\/www.facebook.com\/jplymoth\"]}]}<\/script>\n<!-- \/ Yoast SEO plugin. -->","yoast_head_json":{"title":"\u00dcber uns - Plymair","robots":{"index":"index","follow":"follow","max-snippet":"max-snippet:-1","max-image-preview":"max-image-preview:large","max-video-preview":"max-video-preview:-1"},"canonical":"https:\/\/plymair.com\/de\/ueber-uns\/","og_locale":"de_DE","og_type":"article","og_title":"\u00dcber uns - Plymair","og_description":"Plymair ist ein schwedischer Anbieter von Systemen zur Luftreinigung. Seit vielen Jahren entwickelt und verbessert Plymair die Air Care Technology. Der Hauptsitz, die Forschungs- und Entwicklungsabteilung sowie die Fertigung befinden sich in Schweden. Das hohe Umweltbewusstsein in Skandinavien war die treibende Kraft f\u00fcr die Entwicklung hocheffizienter Luftreinigungsprodukte f\u00fcr Krankenh\u00e4user, Zahnarztpraxen, Schulen und B\u00fcros. Heute ist [&hellip;]","og_url":"https:\/\/plymair.com\/de\/ueber-uns\/","og_site_name":"Plymair","article_publisher":"https:\/\/www.facebook.com\/jplymoth","article_modified_time":"2025-09-22T16:27:21+00:00","twitter_card":"summary_large_image","twitter_misc":{"Gesch\u00e4tzte Lesezeit":"1\u00a0Minute"},"schema":{"@context":"https:\/\/schema.org","@graph":[{"@type":"WebPage","@id":"https:\/\/plymair.com\/de\/ueber-uns\/","url":"https:\/\/plymair.com\/de\/ueber-uns\/","name":"\u00dcber uns - Plymair","isPartOf":{"@id":"https:\/\/plymair.com\/de\/#website"},"datePublished":"2016-10-04T10:16:48+00:00","dateModified":"2025-09-22T16:27:21+00:00","breadcrumb":{"@id":"https:\/\/plymair.com\/de\/ueber-uns\/#breadcrumb"},"inLanguage":"de","potentialAction":[{"@type":"ReadAction","target":["https:\/\/plymair.com\/de\/ueber-uns\/"]}]},{"@type":"BreadcrumbList","@id":"https:\/\/plymair.com\/de\/ueber-uns\/#breadcrumb","itemListElement":[{"@type":"ListItem","position":1,"name":"Home","item":"https:\/\/plymair.com\/de\/"},{"@type":"ListItem","position":2,"name":"\u00dcber uns"}]},{"@type":"WebSite","@id":"https:\/\/plymair.com\/de\/#website","url":"https:\/\/plymair.com\/de\/","name":"Plymair","description":"Professional Air Purifiers","publisher":{"@id":"https:\/\/plymair.com\/de\/#organization"},"potentialAction":[{"@type":"SearchAction","target":{"@type":"EntryPoint","urlTemplate":"https:\/\/plymair.com\/de\/?s={search_term_string}"},"query-input":{"@type":"PropertyValueSpecification","valueRequired":true,"valueName":"search_term_string"}}],"inLanguage":"de"},{"@type":"Organization","@id":"https:\/\/plymair.com\/de\/#organization","name":"Plymair","url":"https:\/\/plymair.com\/de\/","logo":{"@type":"ImageObject","inLanguage":"de","@id":"https:\/\/plymair.com\/de\/#\/schema\/logo\/image\/","url":"https:\/\/plymair.com\/wp-content\/uploads\/2022\/09\/plymoth_original_CMYK.png","contentUrl":"https:\/\/plymair.com\/wp-content\/uploads\/2022\/09\/plymoth_original_CMYK.png","width":933,"height":195,"caption":"Plymair"},"image":{"@id":"https:\/\/plymair.com\/de\/#\/schema\/logo\/image\/"},"sameAs":["https:\/\/www.facebook.com\/jplymoth"]}]}},"_links":{"self":[{"href":"https:\/\/plymair.com\/de\/wp-json\/wp\/v2\/pages\/2892","targetHints":{"allow":["GET"]}}],"collection":[{"href":"https:\/\/plymair.com\/de\/wp-json\/wp\/v2\/pages"}],"about":[{"href":"https:\/\/plymair.com\/de\/wp-json\/wp\/v2\/types\/page"}],"author":[{"embeddable":true,"href":"https:\/\/plymair.com\/de\/wp-json\/wp\/v2\/users\/3"}],"replies":[{"embeddable":true,"href":"https:\/\/plymair.com\/de\/wp-json\/wp\/v2\/comments?post=2892"}],"version-history":[{"count":7,"href":"https:\/\/plymair.com\/de\/wp-json\/wp\/v2\/pages\/2892\/revisions"}],"predecessor-version":[{"id":3538,"href":"https:\/\/plymair.com\/de\/wp-json\/wp\/v2\/pages\/2892\/revisions\/3538"}],"wp:attachment":[{"href":"https:\/\/plymair.com\/de\/wp-json\/wp\/v2\/media?parent=2892"}],"curies":[{"name":"wp","href":"https:\/\/api.w.org\/{rel}","templated":true}]}}