{"id":2893,"date":"2016-10-04T12:16:48","date_gmt":"2016-10-04T10:16:48","guid":{"rendered":"https:\/\/plymair.com\/a-propos\/"},"modified":"2025-09-22T18:27:06","modified_gmt":"2025-09-22T16:27:06","slug":"a-propos","status":"publish","type":"page","link":"https:\/\/plymair.com\/fr\/a-propos\/","title":{"rendered":"\u00c0 propos"},"content":{"rendered":"<p id=\"u1609-2\">Plymair est le fournisseur su\u00e9dois de syst\u00e8mes de purification de l&rsquo;air. Depuis de nombreuses ann\u00e9es, Plymair d\u00e9veloppe et am\u00e9liore la technologie Air Care. Le si\u00e8ge social, le d\u00e9partement R&#038;D et les sites de production sont bas\u00e9s en Su\u00e8de.<\/p>\n<p id=\"u1609-8\">La forte sensibilisation \u00e0 l&rsquo;environnement en Scandinavie a \u00e9t\u00e9 le moteur du d\u00e9veloppement de produits de purification de l&rsquo;air \u00e0 haut rendement pour les h\u00f4pitaux, les cabinets dentaires, les \u00e9coles et les bureaux.<\/p>\n<p id=\"u1609-11\">Aujourd&rsquo;hui, il est bien connu qu&rsquo;un bon environnement de travail est synonyme de personnel en meilleure sant\u00e9, d&rsquo;une meilleure efficacit\u00e9 et d&rsquo;une r\u00e9duction des cong\u00e9s maladie. Un bon environnement de travail est un lieu de travail attrayant.<\/p>\n<h2>Usine<\/h2>\n<p><span class=\"s1\">L&rsquo;usine de fabrication s&rsquo;\u00e9tend sur plus de 12 000 m\u00b2 et est \u00e9quip\u00e9e de machines de d\u00e9coupe laser Trumpf modernes et efficaces, de presses plieuses Weinbrenner, d&rsquo;ateliers de soudage avec manipulateurs, d&rsquo;une installation de peinture en poudre enti\u00e8rement automatique avec robotique (900 m\u00b2) et d&rsquo;ateliers de montage bien \u00e9quip\u00e9s. Le personnel qualifi\u00e9 de Plymair fabrique des produits de haute qualit\u00e9 et d&rsquo;une grande pr\u00e9cision technique \u00e0 des prix comp\u00e9titifs.<\/span><\/p>\n","protected":false},"excerpt":{"rendered":"<p>Plymair est le fournisseur su\u00e9dois de syst\u00e8mes de purification de l&rsquo;air. Depuis de nombreuses ann\u00e9es, Plymair d\u00e9veloppe et am\u00e9liore la technologie Air Care. Le si\u00e8ge social, le d\u00e9partement R&#038;D et les sites de production sont bas\u00e9s en Su\u00e8de. La forte sensibilisation \u00e0 l&rsquo;environnement en Scandinavie a \u00e9t\u00e9 le moteur du d\u00e9veloppement de produits de purification [&hellip;]<\/p>\n","protected":false},"author":3,"featured_media":0,"parent":0,"menu_order":0,"comment_status":"closed","ping_status":"closed","template":"","meta":{"footnotes":""},"class_list":["post-2893","page","type-page","status-publish","hentry"],"acf":[],"yoast_head":"<!-- This site is optimized with the Yoast SEO plugin v25.9 - https:\/\/yoast.com\/wordpress\/plugins\/seo\/ -->\n<title>\u00c0 propos - Plymair<\/title>\n<meta name=\"robots\" content=\"index, follow, max-snippet:-1, max-image-preview:large, max-video-preview:-1\" \/>\n<link rel=\"canonical\" href=\"https:\/\/plymair.com\/fr\/a-propos\/\" \/>\n<meta property=\"og:locale\" content=\"fr_FR\" \/>\n<meta property=\"og:type\" content=\"article\" \/>\n<meta property=\"og:title\" content=\"\u00c0 propos - Plymair\" \/>\n<meta property=\"og:description\" content=\"Plymair est le fournisseur su\u00e9dois de syst\u00e8mes de purification de l&rsquo;air. Depuis de nombreuses ann\u00e9es, Plymair d\u00e9veloppe et am\u00e9liore la technologie Air Care. Le si\u00e8ge social, le d\u00e9partement R&#038;D et les sites de production sont bas\u00e9s en Su\u00e8de. La forte sensibilisation \u00e0 l&rsquo;environnement en Scandinavie a \u00e9t\u00e9 le moteur du d\u00e9veloppement de produits de purification [&hellip;]\" \/>\n<meta property=\"og:url\" content=\"https:\/\/plymair.com\/fr\/a-propos\/\" \/>\n<meta property=\"og:site_name\" content=\"Plymair\" \/>\n<meta property=\"article:publisher\" content=\"https:\/\/www.facebook.com\/jplymoth\" \/>\n<meta property=\"article:modified_time\" content=\"2025-09-22T16:27:06+00:00\" \/>\n<meta name=\"twitter:card\" content=\"summary_large_image\" \/>\n<meta name=\"twitter:label1\" content=\"Dur\u00e9e de lecture estim\u00e9e\" \/>\n\t<meta name=\"twitter:data1\" content=\"1 minute\" \/>\n<script type=\"application\/ld+json\" class=\"yoast-schema-graph\">{\"@context\":\"https:\/\/schema.org\",\"@graph\":[{\"@type\":\"WebPage\",\"@id\":\"https:\/\/plymair.com\/fr\/a-propos\/\",\"url\":\"https:\/\/plymair.com\/fr\/a-propos\/\",\"name\":\"\u00c0 propos - Plymair\",\"isPartOf\":{\"@id\":\"https:\/\/plymair.com\/fr\/#website\"},\"datePublished\":\"2016-10-04T10:16:48+00:00\",\"dateModified\":\"2025-09-22T16:27:06+00:00\",\"breadcrumb\":{\"@id\":\"https:\/\/plymair.com\/fr\/a-propos\/#breadcrumb\"},\"inLanguage\":\"fr-FR\",\"potentialAction\":[{\"@type\":\"ReadAction\",\"target\":[\"https:\/\/plymair.com\/fr\/a-propos\/\"]}]},{\"@type\":\"BreadcrumbList\",\"@id\":\"https:\/\/plymair.com\/fr\/a-propos\/#breadcrumb\",\"itemListElement\":[{\"@type\":\"ListItem\",\"position\":1,\"name\":\"Home\",\"item\":\"https:\/\/plymair.com\/fr\/\"},{\"@type\":\"ListItem\",\"position\":2,\"name\":\"\u00c0 propos\"}]},{\"@type\":\"WebSite\",\"@id\":\"https:\/\/plymair.com\/fr\/#website\",\"url\":\"https:\/\/plymair.com\/fr\/\",\"name\":\"Plymair\",\"description\":\"Professional Air Purifiers\",\"publisher\":{\"@id\":\"https:\/\/plymair.com\/fr\/#organization\"},\"potentialAction\":[{\"@type\":\"SearchAction\",\"target\":{\"@type\":\"EntryPoint\",\"urlTemplate\":\"https:\/\/plymair.com\/fr\/?s={search_term_string}\"},\"query-input\":{\"@type\":\"PropertyValueSpecification\",\"valueRequired\":true,\"valueName\":\"search_term_string\"}}],\"inLanguage\":\"fr-FR\"},{\"@type\":\"Organization\",\"@id\":\"https:\/\/plymair.com\/fr\/#organization\",\"name\":\"Plymair\",\"url\":\"https:\/\/plymair.com\/fr\/\",\"logo\":{\"@type\":\"ImageObject\",\"inLanguage\":\"fr-FR\",\"@id\":\"https:\/\/plymair.com\/fr\/#\/schema\/logo\/image\/\",\"url\":\"https:\/\/plymair.com\/wp-content\/uploads\/2022\/09\/plymoth_original_CMYK.png\",\"contentUrl\":\"https:\/\/plymair.com\/wp-content\/uploads\/2022\/09\/plymoth_original_CMYK.png\",\"width\":933,\"height\":195,\"caption\":\"Plymair\"},\"image\":{\"@id\":\"https:\/\/plymair.com\/fr\/#\/schema\/logo\/image\/\"},\"sameAs\":[\"https:\/\/www.facebook.com\/jplymoth\"]}]}<\/script>\n<!-- \/ Yoast SEO plugin. -->","yoast_head_json":{"title":"\u00c0 propos - Plymair","robots":{"index":"index","follow":"follow","max-snippet":"max-snippet:-1","max-image-preview":"max-image-preview:large","max-video-preview":"max-video-preview:-1"},"canonical":"https:\/\/plymair.com\/fr\/a-propos\/","og_locale":"fr_FR","og_type":"article","og_title":"\u00c0 propos - Plymair","og_description":"Plymair est le fournisseur su\u00e9dois de syst\u00e8mes de purification de l&rsquo;air. Depuis de nombreuses ann\u00e9es, Plymair d\u00e9veloppe et am\u00e9liore la technologie Air Care. Le si\u00e8ge social, le d\u00e9partement R&#038;D et les sites de production sont bas\u00e9s en Su\u00e8de. La forte sensibilisation \u00e0 l&rsquo;environnement en Scandinavie a \u00e9t\u00e9 le moteur du d\u00e9veloppement de produits de purification [&hellip;]","og_url":"https:\/\/plymair.com\/fr\/a-propos\/","og_site_name":"Plymair","article_publisher":"https:\/\/www.facebook.com\/jplymoth","article_modified_time":"2025-09-22T16:27:06+00:00","twitter_card":"summary_large_image","twitter_misc":{"Dur\u00e9e de lecture estim\u00e9e":"1 minute"},"schema":{"@context":"https:\/\/schema.org","@graph":[{"@type":"WebPage","@id":"https:\/\/plymair.com\/fr\/a-propos\/","url":"https:\/\/plymair.com\/fr\/a-propos\/","name":"\u00c0 propos - Plymair","isPartOf":{"@id":"https:\/\/plymair.com\/fr\/#website"},"datePublished":"2016-10-04T10:16:48+00:00","dateModified":"2025-09-22T16:27:06+00:00","breadcrumb":{"@id":"https:\/\/plymair.com\/fr\/a-propos\/#breadcrumb"},"inLanguage":"fr-FR","potentialAction":[{"@type":"ReadAction","target":["https:\/\/plymair.com\/fr\/a-propos\/"]}]},{"@type":"BreadcrumbList","@id":"https:\/\/plymair.com\/fr\/a-propos\/#breadcrumb","itemListElement":[{"@type":"ListItem","position":1,"name":"Home","item":"https:\/\/plymair.com\/fr\/"},{"@type":"ListItem","position":2,"name":"\u00c0 propos"}]},{"@type":"WebSite","@id":"https:\/\/plymair.com\/fr\/#website","url":"https:\/\/plymair.com\/fr\/","name":"Plymair","description":"Professional Air Purifiers","publisher":{"@id":"https:\/\/plymair.com\/fr\/#organization"},"potentialAction":[{"@type":"SearchAction","target":{"@type":"EntryPoint","urlTemplate":"https:\/\/plymair.com\/fr\/?s={search_term_string}"},"query-input":{"@type":"PropertyValueSpecification","valueRequired":true,"valueName":"search_term_string"}}],"inLanguage":"fr-FR"},{"@type":"Organization","@id":"https:\/\/plymair.com\/fr\/#organization","name":"Plymair","url":"https:\/\/plymair.com\/fr\/","logo":{"@type":"ImageObject","inLanguage":"fr-FR","@id":"https:\/\/plymair.com\/fr\/#\/schema\/logo\/image\/","url":"https:\/\/plymair.com\/wp-content\/uploads\/2022\/09\/plymoth_original_CMYK.png","contentUrl":"https:\/\/plymair.com\/wp-content\/uploads\/2022\/09\/plymoth_original_CMYK.png","width":933,"height":195,"caption":"Plymair"},"image":{"@id":"https:\/\/plymair.com\/fr\/#\/schema\/logo\/image\/"},"sameAs":["https:\/\/www.facebook.com\/jplymoth"]}]}},"_links":{"self":[{"href":"https:\/\/plymair.com\/fr\/wp-json\/wp\/v2\/pages\/2893","targetHints":{"allow":["GET"]}}],"collection":[{"href":"https:\/\/plymair.com\/fr\/wp-json\/wp\/v2\/pages"}],"about":[{"href":"https:\/\/plymair.com\/fr\/wp-json\/wp\/v2\/types\/page"}],"author":[{"embeddable":true,"href":"https:\/\/plymair.com\/fr\/wp-json\/wp\/v2\/users\/3"}],"replies":[{"embeddable":true,"href":"https:\/\/plymair.com\/fr\/wp-json\/wp\/v2\/comments?post=2893"}],"version-history":[{"count":8,"href":"https:\/\/plymair.com\/fr\/wp-json\/wp\/v2\/pages\/2893\/revisions"}],"predecessor-version":[{"id":3537,"href":"https:\/\/plymair.com\/fr\/wp-json\/wp\/v2\/pages\/2893\/revisions\/3537"}],"wp:attachment":[{"href":"https:\/\/plymair.com\/fr\/wp-json\/wp\/v2\/media?parent=2893"}],"curies":[{"name":"wp","href":"https:\/\/api.w.org\/{rel}","templated":true}]}}