{"id":3078,"date":"2016-10-04T12:17:18","date_gmt":"2016-10-04T10:17:18","guid":{"rendered":"https:\/\/plymair.com\/distributeurs\/"},"modified":"2025-09-11T07:20:55","modified_gmt":"2025-09-11T05:20:55","slug":"distributeurs","status":"publish","type":"page","link":"https:\/\/plymair.com\/fr\/distributeurs\/","title":{"rendered":"Distributeurs"},"content":{"rendered":"<header class=\"entry-header\">\n<h1 class=\"entry-title\">Nous recherchons des distributeurs exp\u00e9riment\u00e9s<\/h1>\n<\/header>\n<div class=\"entry-content\">\n<div id=\"distributors-right\">Nous recherchons des distributeurs dans le monde entier qui poss\u00e8dent une exp\u00e9rience dans certains des domaines suivants :<\/div>\n<p>\u2013 \u00c9quipement m\u00e9dical<br \/>\n\u2013 \u00c9quipement dentaire<br \/>\n\u2013 Mat\u00e9riel de bureau<\/p>\n<p><a href=\"https:\/\/plymair.com\/fr\/contact\/\"><strong>Veuillez nous envoyer un e-mail<\/strong><\/a> pour nous contacter sans engagement. Nous pouvons vous proposer des prix comp\u00e9titifs, car nous fabriquons tous nos produits dans notre propre usine en Su\u00e8de.<\/p>\n<p>Nous attendons avec impatience de vos nouvelles !<\/p>\n<\/div>\n","protected":false},"excerpt":{"rendered":"<p>Nous recherchons des distributeurs exp\u00e9riment\u00e9s Nous recherchons des distributeurs dans le monde entier qui poss\u00e8dent une exp\u00e9rience dans certains des domaines suivants : \u2013 \u00c9quipement m\u00e9dical \u2013 \u00c9quipement dentaire \u2013 Mat\u00e9riel de bureau Veuillez nous envoyer un e-mail pour nous contacter sans engagement. Nous pouvons vous proposer des prix comp\u00e9titifs, car nous fabriquons tous nos [&hellip;]<\/p>\n","protected":false},"author":3,"featured_media":0,"parent":0,"menu_order":0,"comment_status":"closed","ping_status":"closed","template":"","meta":{"footnotes":""},"class_list":["post-3078","page","type-page","status-publish","hentry"],"acf":[],"yoast_head":"<!-- This site is optimized with the Yoast SEO plugin v25.9 - https:\/\/yoast.com\/wordpress\/plugins\/seo\/ -->\n<title>Distributeurs - Plymair<\/title>\n<meta name=\"robots\" content=\"index, follow, max-snippet:-1, max-image-preview:large, max-video-preview:-1\" \/>\n<link rel=\"canonical\" href=\"https:\/\/plymair.com\/fr\/distributeurs\/\" \/>\n<meta property=\"og:locale\" content=\"fr_FR\" \/>\n<meta property=\"og:type\" content=\"article\" \/>\n<meta property=\"og:title\" content=\"Distributeurs - Plymair\" \/>\n<meta property=\"og:description\" content=\"Nous recherchons des distributeurs exp\u00e9riment\u00e9s Nous recherchons des distributeurs dans le monde entier qui poss\u00e8dent une exp\u00e9rience dans certains des domaines suivants : \u2013 \u00c9quipement m\u00e9dical \u2013 \u00c9quipement dentaire \u2013 Mat\u00e9riel de bureau Veuillez nous envoyer un e-mail pour nous contacter sans engagement. Nous pouvons vous proposer des prix comp\u00e9titifs, car nous fabriquons tous nos [&hellip;]\" \/>\n<meta property=\"og:url\" content=\"https:\/\/plymair.com\/fr\/distributeurs\/\" \/>\n<meta property=\"og:site_name\" content=\"Plymair\" \/>\n<meta property=\"article:publisher\" content=\"https:\/\/www.facebook.com\/jplymoth\" \/>\n<meta property=\"article:modified_time\" content=\"2025-09-11T05:20:55+00:00\" \/>\n<meta name=\"twitter:card\" content=\"summary_large_image\" \/>\n<meta name=\"twitter:label1\" content=\"Dur\u00e9e de lecture estim\u00e9e\" \/>\n\t<meta name=\"twitter:data1\" content=\"1 minute\" \/>\n<script type=\"application\/ld+json\" class=\"yoast-schema-graph\">{\"@context\":\"https:\/\/schema.org\",\"@graph\":[{\"@type\":\"WebPage\",\"@id\":\"https:\/\/plymair.com\/fr\/distributeurs\/\",\"url\":\"https:\/\/plymair.com\/fr\/distributeurs\/\",\"name\":\"Distributeurs - Plymair\",\"isPartOf\":{\"@id\":\"https:\/\/plymair.com\/fr\/#website\"},\"datePublished\":\"2016-10-04T10:17:18+00:00\",\"dateModified\":\"2025-09-11T05:20:55+00:00\",\"breadcrumb\":{\"@id\":\"https:\/\/plymair.com\/fr\/distributeurs\/#breadcrumb\"},\"inLanguage\":\"fr-FR\",\"potentialAction\":[{\"@type\":\"ReadAction\",\"target\":[\"https:\/\/plymair.com\/fr\/distributeurs\/\"]}]},{\"@type\":\"BreadcrumbList\",\"@id\":\"https:\/\/plymair.com\/fr\/distributeurs\/#breadcrumb\",\"itemListElement\":[{\"@type\":\"ListItem\",\"position\":1,\"name\":\"Home\",\"item\":\"https:\/\/plymair.com\/fr\/\"},{\"@type\":\"ListItem\",\"position\":2,\"name\":\"Distributeurs\"}]},{\"@type\":\"WebSite\",\"@id\":\"https:\/\/plymair.com\/fr\/#website\",\"url\":\"https:\/\/plymair.com\/fr\/\",\"name\":\"Plymair\",\"description\":\"Professional Air Purifiers\",\"publisher\":{\"@id\":\"https:\/\/plymair.com\/fr\/#organization\"},\"potentialAction\":[{\"@type\":\"SearchAction\",\"target\":{\"@type\":\"EntryPoint\",\"urlTemplate\":\"https:\/\/plymair.com\/fr\/?s={search_term_string}\"},\"query-input\":{\"@type\":\"PropertyValueSpecification\",\"valueRequired\":true,\"valueName\":\"search_term_string\"}}],\"inLanguage\":\"fr-FR\"},{\"@type\":\"Organization\",\"@id\":\"https:\/\/plymair.com\/fr\/#organization\",\"name\":\"Plymair\",\"url\":\"https:\/\/plymair.com\/fr\/\",\"logo\":{\"@type\":\"ImageObject\",\"inLanguage\":\"fr-FR\",\"@id\":\"https:\/\/plymair.com\/fr\/#\/schema\/logo\/image\/\",\"url\":\"https:\/\/plymair.com\/wp-content\/uploads\/2022\/09\/plymoth_original_CMYK.png\",\"contentUrl\":\"https:\/\/plymair.com\/wp-content\/uploads\/2022\/09\/plymoth_original_CMYK.png\",\"width\":933,\"height\":195,\"caption\":\"Plymair\"},\"image\":{\"@id\":\"https:\/\/plymair.com\/fr\/#\/schema\/logo\/image\/\"},\"sameAs\":[\"https:\/\/www.facebook.com\/jplymoth\"]}]}<\/script>\n<!-- \/ Yoast SEO plugin. -->","yoast_head_json":{"title":"Distributeurs - Plymair","robots":{"index":"index","follow":"follow","max-snippet":"max-snippet:-1","max-image-preview":"max-image-preview:large","max-video-preview":"max-video-preview:-1"},"canonical":"https:\/\/plymair.com\/fr\/distributeurs\/","og_locale":"fr_FR","og_type":"article","og_title":"Distributeurs - Plymair","og_description":"Nous recherchons des distributeurs exp\u00e9riment\u00e9s Nous recherchons des distributeurs dans le monde entier qui poss\u00e8dent une exp\u00e9rience dans certains des domaines suivants : \u2013 \u00c9quipement m\u00e9dical \u2013 \u00c9quipement dentaire \u2013 Mat\u00e9riel de bureau Veuillez nous envoyer un e-mail pour nous contacter sans engagement. Nous pouvons vous proposer des prix comp\u00e9titifs, car nous fabriquons tous nos [&hellip;]","og_url":"https:\/\/plymair.com\/fr\/distributeurs\/","og_site_name":"Plymair","article_publisher":"https:\/\/www.facebook.com\/jplymoth","article_modified_time":"2025-09-11T05:20:55+00:00","twitter_card":"summary_large_image","twitter_misc":{"Dur\u00e9e de lecture estim\u00e9e":"1 minute"},"schema":{"@context":"https:\/\/schema.org","@graph":[{"@type":"WebPage","@id":"https:\/\/plymair.com\/fr\/distributeurs\/","url":"https:\/\/plymair.com\/fr\/distributeurs\/","name":"Distributeurs - Plymair","isPartOf":{"@id":"https:\/\/plymair.com\/fr\/#website"},"datePublished":"2016-10-04T10:17:18+00:00","dateModified":"2025-09-11T05:20:55+00:00","breadcrumb":{"@id":"https:\/\/plymair.com\/fr\/distributeurs\/#breadcrumb"},"inLanguage":"fr-FR","potentialAction":[{"@type":"ReadAction","target":["https:\/\/plymair.com\/fr\/distributeurs\/"]}]},{"@type":"BreadcrumbList","@id":"https:\/\/plymair.com\/fr\/distributeurs\/#breadcrumb","itemListElement":[{"@type":"ListItem","position":1,"name":"Home","item":"https:\/\/plymair.com\/fr\/"},{"@type":"ListItem","position":2,"name":"Distributeurs"}]},{"@type":"WebSite","@id":"https:\/\/plymair.com\/fr\/#website","url":"https:\/\/plymair.com\/fr\/","name":"Plymair","description":"Professional Air Purifiers","publisher":{"@id":"https:\/\/plymair.com\/fr\/#organization"},"potentialAction":[{"@type":"SearchAction","target":{"@type":"EntryPoint","urlTemplate":"https:\/\/plymair.com\/fr\/?s={search_term_string}"},"query-input":{"@type":"PropertyValueSpecification","valueRequired":true,"valueName":"search_term_string"}}],"inLanguage":"fr-FR"},{"@type":"Organization","@id":"https:\/\/plymair.com\/fr\/#organization","name":"Plymair","url":"https:\/\/plymair.com\/fr\/","logo":{"@type":"ImageObject","inLanguage":"fr-FR","@id":"https:\/\/plymair.com\/fr\/#\/schema\/logo\/image\/","url":"https:\/\/plymair.com\/wp-content\/uploads\/2022\/09\/plymoth_original_CMYK.png","contentUrl":"https:\/\/plymair.com\/wp-content\/uploads\/2022\/09\/plymoth_original_CMYK.png","width":933,"height":195,"caption":"Plymair"},"image":{"@id":"https:\/\/plymair.com\/fr\/#\/schema\/logo\/image\/"},"sameAs":["https:\/\/www.facebook.com\/jplymoth"]}]}},"_links":{"self":[{"href":"https:\/\/plymair.com\/fr\/wp-json\/wp\/v2\/pages\/3078","targetHints":{"allow":["GET"]}}],"collection":[{"href":"https:\/\/plymair.com\/fr\/wp-json\/wp\/v2\/pages"}],"about":[{"href":"https:\/\/plymair.com\/fr\/wp-json\/wp\/v2\/types\/page"}],"author":[{"embeddable":true,"href":"https:\/\/plymair.com\/fr\/wp-json\/wp\/v2\/users\/3"}],"replies":[{"embeddable":true,"href":"https:\/\/plymair.com\/fr\/wp-json\/wp\/v2\/comments?post=3078"}],"version-history":[{"count":10,"href":"https:\/\/plymair.com\/fr\/wp-json\/wp\/v2\/pages\/3078\/revisions"}],"predecessor-version":[{"id":3514,"href":"https:\/\/plymair.com\/fr\/wp-json\/wp\/v2\/pages\/3078\/revisions\/3514"}],"wp:attachment":[{"href":"https:\/\/plymair.com\/fr\/wp-json\/wp\/v2\/media?parent=3078"}],"curies":[{"name":"wp","href":"https:\/\/api.w.org\/{rel}","templated":true}]}}