{"id":2891,"date":"2016-10-04T12:16:48","date_gmt":"2016-10-04T10:16:48","guid":{"rendered":"https:\/\/plymair.com\/informazioni\/"},"modified":"2025-09-22T18:27:39","modified_gmt":"2025-09-22T16:27:39","slug":"informazioni","status":"publish","type":"page","link":"https:\/\/plymair.com\/it\/informazioni\/","title":{"rendered":"Informazioni"},"content":{"rendered":"<p id=\"u1609-2\">Plymair \u00e8 il fornitore svedese di sistemi per la purificazione dell&#8217;aria. Da molti anni Plymair sviluppa e migliora la tecnologia Air Care. La sede centrale, il reparto R&#038;S e la produzione hanno sede in Svezia.<\/p>\n<p id=\"u1609-8\">L&#8217;elevata consapevolezza ambientale in Scandinavia \u00e8 stata la forza trainante per lo sviluppo di prodotti per la purificazione dell&#8217;aria ad alta efficienza destinati a ospedali, studi dentistici, scuole e uffici.<\/p>\n<p id=\"u1609-11\">Oggi \u00e8 risaputo che un buon ambiente di lavoro significa personale pi\u00f9 sano, maggiore efficienza e meno assenze per malattia. Un buon ambiente di lavoro \u00e8 un luogo di lavoro attraente.<\/p>\n<h2>Fabbrica<\/h2>\n<p><span class=\"s1\">Lo stabilimento produttivo occupa una superficie di oltre 12.000 m\u00b2 ed \u00e8 dotato di moderne ed efficienti macchine per il taglio laser Trumpf, presse piegatrici Weinbrenner, reparti di saldatura con manipolatori, impianto di verniciatura a polvere completamente automatizzato con robotica (900 m\u00b2) e reparti di montaggio ben attrezzati. La qualificata forza lavoro di Plymair realizza prodotti di alta qualit\u00e0 e ingegneria di precisione a prezzi competitivi.<\/span><\/p>\n","protected":false},"excerpt":{"rendered":"<p>Plymair \u00e8 il fornitore svedese di sistemi per la purificazione dell&#8217;aria. Da molti anni Plymair sviluppa e migliora la tecnologia Air Care. La sede centrale, il reparto R&#038;S e la produzione hanno sede in Svezia. L&#8217;elevata consapevolezza ambientale in Scandinavia \u00e8 stata la forza trainante per lo sviluppo di prodotti per la purificazione dell&#8217;aria ad [&hellip;]<\/p>\n","protected":false},"author":3,"featured_media":0,"parent":0,"menu_order":0,"comment_status":"closed","ping_status":"closed","template":"","meta":{"footnotes":""},"class_list":["post-2891","page","type-page","status-publish","hentry"],"acf":[],"yoast_head":"<!-- This site is optimized with the Yoast SEO plugin v25.9 - https:\/\/yoast.com\/wordpress\/plugins\/seo\/ -->\n<title>Informazioni - Plymair<\/title>\n<meta name=\"robots\" content=\"index, follow, max-snippet:-1, max-image-preview:large, max-video-preview:-1\" \/>\n<link rel=\"canonical\" href=\"https:\/\/plymair.com\/it\/informazioni\/\" \/>\n<meta property=\"og:locale\" content=\"it_IT\" \/>\n<meta property=\"og:type\" content=\"article\" \/>\n<meta property=\"og:title\" content=\"Informazioni - Plymair\" \/>\n<meta property=\"og:description\" content=\"Plymair \u00e8 il fornitore svedese di sistemi per la purificazione dell&#8217;aria. Da molti anni Plymair sviluppa e migliora la tecnologia Air Care. La sede centrale, il reparto R&#038;S e la produzione hanno sede in Svezia. L&#8217;elevata consapevolezza ambientale in Scandinavia \u00e8 stata la forza trainante per lo sviluppo di prodotti per la purificazione dell&#8217;aria ad [&hellip;]\" \/>\n<meta property=\"og:url\" content=\"https:\/\/plymair.com\/it\/informazioni\/\" \/>\n<meta property=\"og:site_name\" content=\"Plymair\" \/>\n<meta property=\"article:publisher\" content=\"https:\/\/www.facebook.com\/jplymoth\" \/>\n<meta property=\"article:modified_time\" content=\"2025-09-22T16:27:39+00:00\" \/>\n<meta name=\"twitter:card\" content=\"summary_large_image\" \/>\n<meta name=\"twitter:label1\" content=\"Tempo di lettura stimato\" \/>\n\t<meta name=\"twitter:data1\" content=\"1 minuto\" \/>\n<script type=\"application\/ld+json\" class=\"yoast-schema-graph\">{\"@context\":\"https:\/\/schema.org\",\"@graph\":[{\"@type\":\"WebPage\",\"@id\":\"https:\/\/plymair.com\/it\/informazioni\/\",\"url\":\"https:\/\/plymair.com\/it\/informazioni\/\",\"name\":\"Informazioni - Plymair\",\"isPartOf\":{\"@id\":\"https:\/\/plymair.com\/it\/#website\"},\"datePublished\":\"2016-10-04T10:16:48+00:00\",\"dateModified\":\"2025-09-22T16:27:39+00:00\",\"breadcrumb\":{\"@id\":\"https:\/\/plymair.com\/it\/informazioni\/#breadcrumb\"},\"inLanguage\":\"it-IT\",\"potentialAction\":[{\"@type\":\"ReadAction\",\"target\":[\"https:\/\/plymair.com\/it\/informazioni\/\"]}]},{\"@type\":\"BreadcrumbList\",\"@id\":\"https:\/\/plymair.com\/it\/informazioni\/#breadcrumb\",\"itemListElement\":[{\"@type\":\"ListItem\",\"position\":1,\"name\":\"Home\",\"item\":\"https:\/\/plymair.com\/it\/\"},{\"@type\":\"ListItem\",\"position\":2,\"name\":\"Informazioni\"}]},{\"@type\":\"WebSite\",\"@id\":\"https:\/\/plymair.com\/it\/#website\",\"url\":\"https:\/\/plymair.com\/it\/\",\"name\":\"Plymair\",\"description\":\"Professional Air Purifiers\",\"publisher\":{\"@id\":\"https:\/\/plymair.com\/it\/#organization\"},\"potentialAction\":[{\"@type\":\"SearchAction\",\"target\":{\"@type\":\"EntryPoint\",\"urlTemplate\":\"https:\/\/plymair.com\/it\/?s={search_term_string}\"},\"query-input\":{\"@type\":\"PropertyValueSpecification\",\"valueRequired\":true,\"valueName\":\"search_term_string\"}}],\"inLanguage\":\"it-IT\"},{\"@type\":\"Organization\",\"@id\":\"https:\/\/plymair.com\/it\/#organization\",\"name\":\"Plymair\",\"url\":\"https:\/\/plymair.com\/it\/\",\"logo\":{\"@type\":\"ImageObject\",\"inLanguage\":\"it-IT\",\"@id\":\"https:\/\/plymair.com\/it\/#\/schema\/logo\/image\/\",\"url\":\"https:\/\/plymair.com\/wp-content\/uploads\/2022\/09\/plymoth_original_CMYK.png\",\"contentUrl\":\"https:\/\/plymair.com\/wp-content\/uploads\/2022\/09\/plymoth_original_CMYK.png\",\"width\":933,\"height\":195,\"caption\":\"Plymair\"},\"image\":{\"@id\":\"https:\/\/plymair.com\/it\/#\/schema\/logo\/image\/\"},\"sameAs\":[\"https:\/\/www.facebook.com\/jplymoth\"]}]}<\/script>\n<!-- \/ Yoast SEO plugin. -->","yoast_head_json":{"title":"Informazioni - Plymair","robots":{"index":"index","follow":"follow","max-snippet":"max-snippet:-1","max-image-preview":"max-image-preview:large","max-video-preview":"max-video-preview:-1"},"canonical":"https:\/\/plymair.com\/it\/informazioni\/","og_locale":"it_IT","og_type":"article","og_title":"Informazioni - Plymair","og_description":"Plymair \u00e8 il fornitore svedese di sistemi per la purificazione dell&#8217;aria. Da molti anni Plymair sviluppa e migliora la tecnologia Air Care. La sede centrale, il reparto R&#038;S e la produzione hanno sede in Svezia. L&#8217;elevata consapevolezza ambientale in Scandinavia \u00e8 stata la forza trainante per lo sviluppo di prodotti per la purificazione dell&#8217;aria ad [&hellip;]","og_url":"https:\/\/plymair.com\/it\/informazioni\/","og_site_name":"Plymair","article_publisher":"https:\/\/www.facebook.com\/jplymoth","article_modified_time":"2025-09-22T16:27:39+00:00","twitter_card":"summary_large_image","twitter_misc":{"Tempo di lettura stimato":"1 minuto"},"schema":{"@context":"https:\/\/schema.org","@graph":[{"@type":"WebPage","@id":"https:\/\/plymair.com\/it\/informazioni\/","url":"https:\/\/plymair.com\/it\/informazioni\/","name":"Informazioni - Plymair","isPartOf":{"@id":"https:\/\/plymair.com\/it\/#website"},"datePublished":"2016-10-04T10:16:48+00:00","dateModified":"2025-09-22T16:27:39+00:00","breadcrumb":{"@id":"https:\/\/plymair.com\/it\/informazioni\/#breadcrumb"},"inLanguage":"it-IT","potentialAction":[{"@type":"ReadAction","target":["https:\/\/plymair.com\/it\/informazioni\/"]}]},{"@type":"BreadcrumbList","@id":"https:\/\/plymair.com\/it\/informazioni\/#breadcrumb","itemListElement":[{"@type":"ListItem","position":1,"name":"Home","item":"https:\/\/plymair.com\/it\/"},{"@type":"ListItem","position":2,"name":"Informazioni"}]},{"@type":"WebSite","@id":"https:\/\/plymair.com\/it\/#website","url":"https:\/\/plymair.com\/it\/","name":"Plymair","description":"Professional Air Purifiers","publisher":{"@id":"https:\/\/plymair.com\/it\/#organization"},"potentialAction":[{"@type":"SearchAction","target":{"@type":"EntryPoint","urlTemplate":"https:\/\/plymair.com\/it\/?s={search_term_string}"},"query-input":{"@type":"PropertyValueSpecification","valueRequired":true,"valueName":"search_term_string"}}],"inLanguage":"it-IT"},{"@type":"Organization","@id":"https:\/\/plymair.com\/it\/#organization","name":"Plymair","url":"https:\/\/plymair.com\/it\/","logo":{"@type":"ImageObject","inLanguage":"it-IT","@id":"https:\/\/plymair.com\/it\/#\/schema\/logo\/image\/","url":"https:\/\/plymair.com\/wp-content\/uploads\/2022\/09\/plymoth_original_CMYK.png","contentUrl":"https:\/\/plymair.com\/wp-content\/uploads\/2022\/09\/plymoth_original_CMYK.png","width":933,"height":195,"caption":"Plymair"},"image":{"@id":"https:\/\/plymair.com\/it\/#\/schema\/logo\/image\/"},"sameAs":["https:\/\/www.facebook.com\/jplymoth"]}]}},"_links":{"self":[{"href":"https:\/\/plymair.com\/it\/wp-json\/wp\/v2\/pages\/2891","targetHints":{"allow":["GET"]}}],"collection":[{"href":"https:\/\/plymair.com\/it\/wp-json\/wp\/v2\/pages"}],"about":[{"href":"https:\/\/plymair.com\/it\/wp-json\/wp\/v2\/types\/page"}],"author":[{"embeddable":true,"href":"https:\/\/plymair.com\/it\/wp-json\/wp\/v2\/users\/3"}],"replies":[{"embeddable":true,"href":"https:\/\/plymair.com\/it\/wp-json\/wp\/v2\/comments?post=2891"}],"version-history":[{"count":6,"href":"https:\/\/plymair.com\/it\/wp-json\/wp\/v2\/pages\/2891\/revisions"}],"predecessor-version":[{"id":3539,"href":"https:\/\/plymair.com\/it\/wp-json\/wp\/v2\/pages\/2891\/revisions\/3539"}],"wp:attachment":[{"href":"https:\/\/plymair.com\/it\/wp-json\/wp\/v2\/media?parent=2891"}],"curies":[{"name":"wp","href":"https:\/\/api.w.org\/{rel}","templated":true}]}}