{"id":2889,"date":"2016-10-04T12:16:48","date_gmt":"2016-10-04T10:16:48","guid":{"rendered":"https:\/\/plymair.com\/om\/"},"modified":"2025-09-22T18:28:22","modified_gmt":"2025-09-22T16:28:22","slug":"om","status":"publish","type":"page","link":"https:\/\/plymair.com\/sv\/om\/","title":{"rendered":"Om"},"content":{"rendered":"<p id=\"u1609-2\">Plymair \u00e4r den svenska leverant\u00f6ren av system f\u00f6r luftrening. Under m\u00e5nga \u00e5r har Plymair utvecklat och f\u00f6rb\u00e4ttrat Air Care Technology. Huvudkontor, forskning och utveckling samt tillverkning finns i Sverige.<\/p>\n<p id=\"u1609-8\">Den h\u00f6ga milj\u00f6medvetenheten i Skandinavien har varit drivkraften f\u00f6r utvecklingen av h\u00f6geffektiva luftreningsprodukter f\u00f6r sjukhus, tandl\u00e4kare, skolor och kontor.<\/p>\n<p id=\"u1609-11\">Idag \u00e4r det v\u00e4lk\u00e4nt att en bra arbetsmilj\u00f6 inneb\u00e4r friskare personal, b\u00e4ttre effektivitet och mindre sjukfr\u00e5nvaro. En bra arbetsmilj\u00f6 \u00e4r en attraktiv arbetsplats.<\/p>\n<h2>Fabrik<\/h2>\n<p><span class=\"s1\">Tillverkningsanl\u00e4ggningen \u00e4r \u00f6ver 12 000 m2 stor och utrustad med moderna och effektiva Trumpf-lasersk\u00e4rmaskiner, Weinbrenner-kantpressar, svetsavdelningar med manipulatorer, en helautomatisk pulverlackeringsanl\u00e4ggning med robotteknik (900 m2) och v\u00e4lutrustade monteringsavdelningar. Plymairs skickliga personal tillverkar h\u00f6gkvalitativa produkter till konkurrenskraftiga priser.<\/span><\/p>\n","protected":false},"excerpt":{"rendered":"<p>Plymair \u00e4r den svenska leverant\u00f6ren av system f\u00f6r luftrening. Under m\u00e5nga \u00e5r har Plymair utvecklat och f\u00f6rb\u00e4ttrat Air Care Technology. Huvudkontor, forskning och utveckling samt tillverkning finns i Sverige. Den h\u00f6ga milj\u00f6medvetenheten i Skandinavien har varit drivkraften f\u00f6r utvecklingen av h\u00f6geffektiva luftreningsprodukter f\u00f6r sjukhus, tandl\u00e4kare, skolor och kontor. Idag \u00e4r det v\u00e4lk\u00e4nt att en bra [&hellip;]<\/p>\n","protected":false},"author":3,"featured_media":0,"parent":0,"menu_order":0,"comment_status":"closed","ping_status":"closed","template":"","meta":{"footnotes":""},"class_list":["post-2889","page","type-page","status-publish","hentry"],"acf":[],"yoast_head":"<!-- This site is optimized with the Yoast SEO plugin v25.9 - https:\/\/yoast.com\/wordpress\/plugins\/seo\/ -->\n<title>Om - Plymair<\/title>\n<meta name=\"robots\" content=\"index, follow, max-snippet:-1, max-image-preview:large, max-video-preview:-1\" \/>\n<link rel=\"canonical\" href=\"https:\/\/plymair.com\/sv\/om\/\" \/>\n<meta property=\"og:locale\" content=\"sv_SE\" \/>\n<meta property=\"og:type\" content=\"article\" \/>\n<meta property=\"og:title\" content=\"Om - Plymair\" \/>\n<meta property=\"og:description\" content=\"Plymair \u00e4r den svenska leverant\u00f6ren av system f\u00f6r luftrening. Under m\u00e5nga \u00e5r har Plymair utvecklat och f\u00f6rb\u00e4ttrat Air Care Technology. Huvudkontor, forskning och utveckling samt tillverkning finns i Sverige. Den h\u00f6ga milj\u00f6medvetenheten i Skandinavien har varit drivkraften f\u00f6r utvecklingen av h\u00f6geffektiva luftreningsprodukter f\u00f6r sjukhus, tandl\u00e4kare, skolor och kontor. Idag \u00e4r det v\u00e4lk\u00e4nt att en bra [&hellip;]\" \/>\n<meta property=\"og:url\" content=\"https:\/\/plymair.com\/sv\/om\/\" \/>\n<meta property=\"og:site_name\" content=\"Plymair\" \/>\n<meta property=\"article:publisher\" content=\"https:\/\/www.facebook.com\/jplymoth\" \/>\n<meta property=\"article:modified_time\" content=\"2025-09-22T16:28:22+00:00\" \/>\n<meta name=\"twitter:card\" content=\"summary_large_image\" \/>\n<meta name=\"twitter:label1\" content=\"Ber\u00e4knad l\u00e4stid\" \/>\n\t<meta name=\"twitter:data1\" content=\"1 minut\" \/>\n<script type=\"application\/ld+json\" class=\"yoast-schema-graph\">{\"@context\":\"https:\/\/schema.org\",\"@graph\":[{\"@type\":\"WebPage\",\"@id\":\"https:\/\/plymair.com\/sv\/om\/\",\"url\":\"https:\/\/plymair.com\/sv\/om\/\",\"name\":\"Om - Plymair\",\"isPartOf\":{\"@id\":\"https:\/\/plymair.com\/sv\/#website\"},\"datePublished\":\"2016-10-04T10:16:48+00:00\",\"dateModified\":\"2025-09-22T16:28:22+00:00\",\"breadcrumb\":{\"@id\":\"https:\/\/plymair.com\/sv\/om\/#breadcrumb\"},\"inLanguage\":\"sv-SE\",\"potentialAction\":[{\"@type\":\"ReadAction\",\"target\":[\"https:\/\/plymair.com\/sv\/om\/\"]}]},{\"@type\":\"BreadcrumbList\",\"@id\":\"https:\/\/plymair.com\/sv\/om\/#breadcrumb\",\"itemListElement\":[{\"@type\":\"ListItem\",\"position\":1,\"name\":\"Home\",\"item\":\"https:\/\/plymair.com\/sv\/\"},{\"@type\":\"ListItem\",\"position\":2,\"name\":\"Om\"}]},{\"@type\":\"WebSite\",\"@id\":\"https:\/\/plymair.com\/sv\/#website\",\"url\":\"https:\/\/plymair.com\/sv\/\",\"name\":\"Plymair\",\"description\":\"Professional Air Purifiers\",\"publisher\":{\"@id\":\"https:\/\/plymair.com\/sv\/#organization\"},\"potentialAction\":[{\"@type\":\"SearchAction\",\"target\":{\"@type\":\"EntryPoint\",\"urlTemplate\":\"https:\/\/plymair.com\/sv\/?s={search_term_string}\"},\"query-input\":{\"@type\":\"PropertyValueSpecification\",\"valueRequired\":true,\"valueName\":\"search_term_string\"}}],\"inLanguage\":\"sv-SE\"},{\"@type\":\"Organization\",\"@id\":\"https:\/\/plymair.com\/sv\/#organization\",\"name\":\"Plymair\",\"url\":\"https:\/\/plymair.com\/sv\/\",\"logo\":{\"@type\":\"ImageObject\",\"inLanguage\":\"sv-SE\",\"@id\":\"https:\/\/plymair.com\/sv\/#\/schema\/logo\/image\/\",\"url\":\"https:\/\/plymair.com\/wp-content\/uploads\/2022\/09\/plymoth_original_CMYK.png\",\"contentUrl\":\"https:\/\/plymair.com\/wp-content\/uploads\/2022\/09\/plymoth_original_CMYK.png\",\"width\":933,\"height\":195,\"caption\":\"Plymair\"},\"image\":{\"@id\":\"https:\/\/plymair.com\/sv\/#\/schema\/logo\/image\/\"},\"sameAs\":[\"https:\/\/www.facebook.com\/jplymoth\"]}]}<\/script>\n<!-- \/ Yoast SEO plugin. -->","yoast_head_json":{"title":"Om - Plymair","robots":{"index":"index","follow":"follow","max-snippet":"max-snippet:-1","max-image-preview":"max-image-preview:large","max-video-preview":"max-video-preview:-1"},"canonical":"https:\/\/plymair.com\/sv\/om\/","og_locale":"sv_SE","og_type":"article","og_title":"Om - Plymair","og_description":"Plymair \u00e4r den svenska leverant\u00f6ren av system f\u00f6r luftrening. Under m\u00e5nga \u00e5r har Plymair utvecklat och f\u00f6rb\u00e4ttrat Air Care Technology. Huvudkontor, forskning och utveckling samt tillverkning finns i Sverige. Den h\u00f6ga milj\u00f6medvetenheten i Skandinavien har varit drivkraften f\u00f6r utvecklingen av h\u00f6geffektiva luftreningsprodukter f\u00f6r sjukhus, tandl\u00e4kare, skolor och kontor. Idag \u00e4r det v\u00e4lk\u00e4nt att en bra [&hellip;]","og_url":"https:\/\/plymair.com\/sv\/om\/","og_site_name":"Plymair","article_publisher":"https:\/\/www.facebook.com\/jplymoth","article_modified_time":"2025-09-22T16:28:22+00:00","twitter_card":"summary_large_image","twitter_misc":{"Ber\u00e4knad l\u00e4stid":"1 minut"},"schema":{"@context":"https:\/\/schema.org","@graph":[{"@type":"WebPage","@id":"https:\/\/plymair.com\/sv\/om\/","url":"https:\/\/plymair.com\/sv\/om\/","name":"Om - Plymair","isPartOf":{"@id":"https:\/\/plymair.com\/sv\/#website"},"datePublished":"2016-10-04T10:16:48+00:00","dateModified":"2025-09-22T16:28:22+00:00","breadcrumb":{"@id":"https:\/\/plymair.com\/sv\/om\/#breadcrumb"},"inLanguage":"sv-SE","potentialAction":[{"@type":"ReadAction","target":["https:\/\/plymair.com\/sv\/om\/"]}]},{"@type":"BreadcrumbList","@id":"https:\/\/plymair.com\/sv\/om\/#breadcrumb","itemListElement":[{"@type":"ListItem","position":1,"name":"Home","item":"https:\/\/plymair.com\/sv\/"},{"@type":"ListItem","position":2,"name":"Om"}]},{"@type":"WebSite","@id":"https:\/\/plymair.com\/sv\/#website","url":"https:\/\/plymair.com\/sv\/","name":"Plymair","description":"Professional Air Purifiers","publisher":{"@id":"https:\/\/plymair.com\/sv\/#organization"},"potentialAction":[{"@type":"SearchAction","target":{"@type":"EntryPoint","urlTemplate":"https:\/\/plymair.com\/sv\/?s={search_term_string}"},"query-input":{"@type":"PropertyValueSpecification","valueRequired":true,"valueName":"search_term_string"}}],"inLanguage":"sv-SE"},{"@type":"Organization","@id":"https:\/\/plymair.com\/sv\/#organization","name":"Plymair","url":"https:\/\/plymair.com\/sv\/","logo":{"@type":"ImageObject","inLanguage":"sv-SE","@id":"https:\/\/plymair.com\/sv\/#\/schema\/logo\/image\/","url":"https:\/\/plymair.com\/wp-content\/uploads\/2022\/09\/plymoth_original_CMYK.png","contentUrl":"https:\/\/plymair.com\/wp-content\/uploads\/2022\/09\/plymoth_original_CMYK.png","width":933,"height":195,"caption":"Plymair"},"image":{"@id":"https:\/\/plymair.com\/sv\/#\/schema\/logo\/image\/"},"sameAs":["https:\/\/www.facebook.com\/jplymoth"]}]}},"_links":{"self":[{"href":"https:\/\/plymair.com\/sv\/wp-json\/wp\/v2\/pages\/2889","targetHints":{"allow":["GET"]}}],"collection":[{"href":"https:\/\/plymair.com\/sv\/wp-json\/wp\/v2\/pages"}],"about":[{"href":"https:\/\/plymair.com\/sv\/wp-json\/wp\/v2\/types\/page"}],"author":[{"embeddable":true,"href":"https:\/\/plymair.com\/sv\/wp-json\/wp\/v2\/users\/3"}],"replies":[{"embeddable":true,"href":"https:\/\/plymair.com\/sv\/wp-json\/wp\/v2\/comments?post=2889"}],"version-history":[{"count":7,"href":"https:\/\/plymair.com\/sv\/wp-json\/wp\/v2\/pages\/2889\/revisions"}],"predecessor-version":[{"id":3541,"href":"https:\/\/plymair.com\/sv\/wp-json\/wp\/v2\/pages\/2889\/revisions\/3541"}],"wp:attachment":[{"href":"https:\/\/plymair.com\/sv\/wp-json\/wp\/v2\/media?parent=2889"}],"curies":[{"name":"wp","href":"https:\/\/api.w.org\/{rel}","templated":true}]}}