{"id":3085,"date":"2016-10-04T12:17:18","date_gmt":"2016-10-04T10:17:18","guid":{"rendered":"https:\/\/plymair.com\/distributorer\/"},"modified":"2025-09-11T07:21:47","modified_gmt":"2025-09-11T05:21:47","slug":"distributorer","status":"publish","type":"page","link":"https:\/\/plymair.com\/sv\/distributorer\/","title":{"rendered":"Distribut\u00f6rer"},"content":{"rendered":"<header class=\"entry-header\">\n<h1 class=\"entry-title\">Vi s\u00f6ker erfarna distribut\u00f6rer<\/h1>\n<\/header>\n<div class=\"entry-content\">\n<div id=\"distributors-right\">Vi s\u00f6ker distribut\u00f6rer \u00f6ver hela v\u00e4rlden som har erfarenhet inom n\u00e5got av f\u00f6ljande marknadsomr\u00e5den:<\/div>\n<p>\u2013 Medicinsk utrustning<br \/>\n\u2013 Tandl\u00e4karutrustning<br \/>\n\u2013 Kontorsutrustning<\/p>\n<p><a href=\"https:\/\/plymair.com\/sv\/kontakt\/\"><strong>Skicka ett e-postmeddelande<\/strong><\/a> till oss utan f\u00f6rpliktelser. Vi kan erbjuda konkurrenskraftiga priser eftersom vi tillverkar allt<br \/>\ni v\u00e5r egen fabrik i Sverige.<\/p>\n<p>Vi ser fram emot att h\u00f6ra fr\u00e5n dig!<\/p>\n<\/div>\n","protected":false},"excerpt":{"rendered":"<p>Vi s\u00f6ker erfarna distribut\u00f6rer Vi s\u00f6ker distribut\u00f6rer \u00f6ver hela v\u00e4rlden som har erfarenhet inom n\u00e5got av f\u00f6ljande marknadsomr\u00e5den: \u2013 Medicinsk utrustning \u2013 Tandl\u00e4karutrustning \u2013 Kontorsutrustning Skicka ett e-postmeddelande till oss utan f\u00f6rpliktelser. Vi kan erbjuda konkurrenskraftiga priser eftersom vi tillverkar allt i v\u00e5r egen fabrik i Sverige. Vi ser fram emot att h\u00f6ra fr\u00e5n dig!<\/p>\n","protected":false},"author":3,"featured_media":0,"parent":0,"menu_order":0,"comment_status":"closed","ping_status":"closed","template":"","meta":{"footnotes":""},"class_list":["post-3085","page","type-page","status-publish","hentry"],"acf":[],"yoast_head":"<!-- This site is optimized with the Yoast SEO plugin v25.9 - https:\/\/yoast.com\/wordpress\/plugins\/seo\/ -->\n<title>Distribut\u00f6rer - Plymair<\/title>\n<meta name=\"robots\" content=\"index, follow, max-snippet:-1, max-image-preview:large, max-video-preview:-1\" \/>\n<link rel=\"canonical\" href=\"https:\/\/plymair.com\/sv\/distributorer\/\" \/>\n<meta property=\"og:locale\" content=\"sv_SE\" \/>\n<meta property=\"og:type\" content=\"article\" \/>\n<meta property=\"og:title\" content=\"Distribut\u00f6rer - Plymair\" \/>\n<meta property=\"og:description\" content=\"Vi s\u00f6ker erfarna distribut\u00f6rer Vi s\u00f6ker distribut\u00f6rer \u00f6ver hela v\u00e4rlden som har erfarenhet inom n\u00e5got av f\u00f6ljande marknadsomr\u00e5den: \u2013 Medicinsk utrustning \u2013 Tandl\u00e4karutrustning \u2013 Kontorsutrustning Skicka ett e-postmeddelande till oss utan f\u00f6rpliktelser. Vi kan erbjuda konkurrenskraftiga priser eftersom vi tillverkar allt i v\u00e5r egen fabrik i Sverige. Vi ser fram emot att h\u00f6ra fr\u00e5n dig!\" \/>\n<meta property=\"og:url\" content=\"https:\/\/plymair.com\/sv\/distributorer\/\" \/>\n<meta property=\"og:site_name\" content=\"Plymair\" \/>\n<meta property=\"article:publisher\" content=\"https:\/\/www.facebook.com\/jplymoth\" \/>\n<meta property=\"article:modified_time\" content=\"2025-09-11T05:21:47+00:00\" \/>\n<meta name=\"twitter:card\" content=\"summary_large_image\" \/>\n<meta name=\"twitter:label1\" content=\"Ber\u00e4knad l\u00e4stid\" \/>\n\t<meta name=\"twitter:data1\" content=\"1 minut\" \/>\n<script type=\"application\/ld+json\" class=\"yoast-schema-graph\">{\"@context\":\"https:\/\/schema.org\",\"@graph\":[{\"@type\":\"WebPage\",\"@id\":\"https:\/\/plymair.com\/sv\/distributorer\/\",\"url\":\"https:\/\/plymair.com\/sv\/distributorer\/\",\"name\":\"Distribut\u00f6rer - Plymair\",\"isPartOf\":{\"@id\":\"https:\/\/plymair.com\/sv\/#website\"},\"datePublished\":\"2016-10-04T10:17:18+00:00\",\"dateModified\":\"2025-09-11T05:21:47+00:00\",\"breadcrumb\":{\"@id\":\"https:\/\/plymair.com\/sv\/distributorer\/#breadcrumb\"},\"inLanguage\":\"sv-SE\",\"potentialAction\":[{\"@type\":\"ReadAction\",\"target\":[\"https:\/\/plymair.com\/sv\/distributorer\/\"]}]},{\"@type\":\"BreadcrumbList\",\"@id\":\"https:\/\/plymair.com\/sv\/distributorer\/#breadcrumb\",\"itemListElement\":[{\"@type\":\"ListItem\",\"position\":1,\"name\":\"Home\",\"item\":\"https:\/\/plymair.com\/sv\/\"},{\"@type\":\"ListItem\",\"position\":2,\"name\":\"Distribut\u00f6rer\"}]},{\"@type\":\"WebSite\",\"@id\":\"https:\/\/plymair.com\/sv\/#website\",\"url\":\"https:\/\/plymair.com\/sv\/\",\"name\":\"Plymair\",\"description\":\"Professional Air Purifiers\",\"publisher\":{\"@id\":\"https:\/\/plymair.com\/sv\/#organization\"},\"potentialAction\":[{\"@type\":\"SearchAction\",\"target\":{\"@type\":\"EntryPoint\",\"urlTemplate\":\"https:\/\/plymair.com\/sv\/?s={search_term_string}\"},\"query-input\":{\"@type\":\"PropertyValueSpecification\",\"valueRequired\":true,\"valueName\":\"search_term_string\"}}],\"inLanguage\":\"sv-SE\"},{\"@type\":\"Organization\",\"@id\":\"https:\/\/plymair.com\/sv\/#organization\",\"name\":\"Plymair\",\"url\":\"https:\/\/plymair.com\/sv\/\",\"logo\":{\"@type\":\"ImageObject\",\"inLanguage\":\"sv-SE\",\"@id\":\"https:\/\/plymair.com\/sv\/#\/schema\/logo\/image\/\",\"url\":\"https:\/\/plymair.com\/wp-content\/uploads\/2022\/09\/plymoth_original_CMYK.png\",\"contentUrl\":\"https:\/\/plymair.com\/wp-content\/uploads\/2022\/09\/plymoth_original_CMYK.png\",\"width\":933,\"height\":195,\"caption\":\"Plymair\"},\"image\":{\"@id\":\"https:\/\/plymair.com\/sv\/#\/schema\/logo\/image\/\"},\"sameAs\":[\"https:\/\/www.facebook.com\/jplymoth\"]}]}<\/script>\n<!-- \/ Yoast SEO plugin. -->","yoast_head_json":{"title":"Distribut\u00f6rer - Plymair","robots":{"index":"index","follow":"follow","max-snippet":"max-snippet:-1","max-image-preview":"max-image-preview:large","max-video-preview":"max-video-preview:-1"},"canonical":"https:\/\/plymair.com\/sv\/distributorer\/","og_locale":"sv_SE","og_type":"article","og_title":"Distribut\u00f6rer - Plymair","og_description":"Vi s\u00f6ker erfarna distribut\u00f6rer Vi s\u00f6ker distribut\u00f6rer \u00f6ver hela v\u00e4rlden som har erfarenhet inom n\u00e5got av f\u00f6ljande marknadsomr\u00e5den: \u2013 Medicinsk utrustning \u2013 Tandl\u00e4karutrustning \u2013 Kontorsutrustning Skicka ett e-postmeddelande till oss utan f\u00f6rpliktelser. Vi kan erbjuda konkurrenskraftiga priser eftersom vi tillverkar allt i v\u00e5r egen fabrik i Sverige. Vi ser fram emot att h\u00f6ra fr\u00e5n dig!","og_url":"https:\/\/plymair.com\/sv\/distributorer\/","og_site_name":"Plymair","article_publisher":"https:\/\/www.facebook.com\/jplymoth","article_modified_time":"2025-09-11T05:21:47+00:00","twitter_card":"summary_large_image","twitter_misc":{"Ber\u00e4knad l\u00e4stid":"1 minut"},"schema":{"@context":"https:\/\/schema.org","@graph":[{"@type":"WebPage","@id":"https:\/\/plymair.com\/sv\/distributorer\/","url":"https:\/\/plymair.com\/sv\/distributorer\/","name":"Distribut\u00f6rer - Plymair","isPartOf":{"@id":"https:\/\/plymair.com\/sv\/#website"},"datePublished":"2016-10-04T10:17:18+00:00","dateModified":"2025-09-11T05:21:47+00:00","breadcrumb":{"@id":"https:\/\/plymair.com\/sv\/distributorer\/#breadcrumb"},"inLanguage":"sv-SE","potentialAction":[{"@type":"ReadAction","target":["https:\/\/plymair.com\/sv\/distributorer\/"]}]},{"@type":"BreadcrumbList","@id":"https:\/\/plymair.com\/sv\/distributorer\/#breadcrumb","itemListElement":[{"@type":"ListItem","position":1,"name":"Home","item":"https:\/\/plymair.com\/sv\/"},{"@type":"ListItem","position":2,"name":"Distribut\u00f6rer"}]},{"@type":"WebSite","@id":"https:\/\/plymair.com\/sv\/#website","url":"https:\/\/plymair.com\/sv\/","name":"Plymair","description":"Professional Air Purifiers","publisher":{"@id":"https:\/\/plymair.com\/sv\/#organization"},"potentialAction":[{"@type":"SearchAction","target":{"@type":"EntryPoint","urlTemplate":"https:\/\/plymair.com\/sv\/?s={search_term_string}"},"query-input":{"@type":"PropertyValueSpecification","valueRequired":true,"valueName":"search_term_string"}}],"inLanguage":"sv-SE"},{"@type":"Organization","@id":"https:\/\/plymair.com\/sv\/#organization","name":"Plymair","url":"https:\/\/plymair.com\/sv\/","logo":{"@type":"ImageObject","inLanguage":"sv-SE","@id":"https:\/\/plymair.com\/sv\/#\/schema\/logo\/image\/","url":"https:\/\/plymair.com\/wp-content\/uploads\/2022\/09\/plymoth_original_CMYK.png","contentUrl":"https:\/\/plymair.com\/wp-content\/uploads\/2022\/09\/plymoth_original_CMYK.png","width":933,"height":195,"caption":"Plymair"},"image":{"@id":"https:\/\/plymair.com\/sv\/#\/schema\/logo\/image\/"},"sameAs":["https:\/\/www.facebook.com\/jplymoth"]}]}},"_links":{"self":[{"href":"https:\/\/plymair.com\/sv\/wp-json\/wp\/v2\/pages\/3085","targetHints":{"allow":["GET"]}}],"collection":[{"href":"https:\/\/plymair.com\/sv\/wp-json\/wp\/v2\/pages"}],"about":[{"href":"https:\/\/plymair.com\/sv\/wp-json\/wp\/v2\/types\/page"}],"author":[{"embeddable":true,"href":"https:\/\/plymair.com\/sv\/wp-json\/wp\/v2\/users\/3"}],"replies":[{"embeddable":true,"href":"https:\/\/plymair.com\/sv\/wp-json\/wp\/v2\/comments?post=3085"}],"version-history":[{"count":8,"href":"https:\/\/plymair.com\/sv\/wp-json\/wp\/v2\/pages\/3085\/revisions"}],"predecessor-version":[{"id":3517,"href":"https:\/\/plymair.com\/sv\/wp-json\/wp\/v2\/pages\/3085\/revisions\/3517"}],"wp:attachment":[{"href":"https:\/\/plymair.com\/sv\/wp-json\/wp\/v2\/media?parent=3085"}],"curies":[{"name":"wp","href":"https:\/\/api.w.org\/{rel}","templated":true}]}}